{"id":10729,"date":"2022-10-30T13:51:58","date_gmt":"2022-10-30T13:51:58","guid":{"rendered":"https:\/\/marrakechmaadine.com\/produit\/traditionnel-grande-main-tajine\/"},"modified":"2026-03-03T15:44:27","modified_gmt":"2026-03-03T15:44:27","slug":"traditionnel-grande-main-tajine","status":"publish","type":"product","link":"https:\/\/marrakechmaadine.com\/en\/produit\/traditionnel-grande-main-tajine\/","title":{"rendered":"Traditionnel Grande Main Tajine"},"content":{"rendered":"<h1 data-spm-anchor-id=\"a2700.details.0.i14.f06e6abfCBKKv9\"><span style=\"font-family: Roboto;font-size: 14px\" data-mce-style=\"font-family: Roboto; font-size: 14px;\">Faites rien de trop court pour vous et vos invit\u00e9s, pourquoi le ferez-vous? Laissez-vous \u00e9tonner par les d\u00e9licieuses saveurs authentiques que vous pouvez pr\u00e9parer avec un tajine.<\/span><br style=\"font-family: Roboto;font-size: 14px\" data-mce-style=\"font-family: Roboto; font-size: 14px;\"><span style=\"font-family: Roboto;font-size: 14px\" data-mce-style=\"font-family: Roboto; font-size: 14px;\">Nous offrons diff\u00e9rents tajine sizez : 20&#215;20 &#8211; 25&#215;25 &#8211; 30&#215;30 &#8211; 35&#215;35 cm<\/span><br style=\"font-family: Roboto;font-size: 14px\" data-mce-style=\"font-family: Roboto; font-size: 14px;\"><span style=\"font-family: Roboto;font-size: 14px\" data-mce-style=\"font-family: Roboto; font-size: 14px;\">Nous utilisons plus de mati\u00e8res premi\u00e8res, vous \u00eates donc assur\u00e9 d&#8217;un fond extra \u00e9pais et d&#8217;un couvercle extra \u00e9pais, pour des ann\u00e9es de plaisir.<\/span><br \/><\/h1>\n","protected":false},"excerpt":{"rendered":"<p><\/p>\n","protected":false},"featured_media":10723,"comment_status":"open","ping_status":"closed","template":"","meta":[],"product_brand":[],"product_cat":[364,347],"product_tag":[],"class_list":{"0":"post-10729","1":"product","2":"type-product","3":"status-publish","4":"has-post-thumbnail","6":"product_cat-metal","7":"product_cat-poterie","9":"first","10":"instock","11":"sale","12":"shipping-taxable","13":"purchasable","14":"product-type-simple"},"_links":{"self":[{"href":"https:\/\/marrakechmaadine.com\/en\/wp-json\/wp\/v2\/product\/10729","targetHints":{"allow":["GET"]}}],"collection":[{"href":"https:\/\/marrakechmaadine.com\/en\/wp-json\/wp\/v2\/product"}],"about":[{"href":"https:\/\/marrakechmaadine.com\/en\/wp-json\/wp\/v2\/types\/product"}],"replies":[{"embeddable":true,"href":"https:\/\/marrakechmaadine.com\/en\/wp-json\/wp\/v2\/comments?post=10729"}],"wp:featuredmedia":[{"embeddable":true,"href":"https:\/\/marrakechmaadine.com\/en\/wp-json\/wp\/v2\/media\/10723"}],"wp:attachment":[{"href":"https:\/\/marrakechmaadine.com\/en\/wp-json\/wp\/v2\/media?parent=10729"}],"wp:term":[{"taxonomy":"product_brand","embeddable":true,"href":"https:\/\/marrakechmaadine.com\/en\/wp-json\/wp\/v2\/product_brand?post=10729"},{"taxonomy":"product_cat","embeddable":true,"href":"https:\/\/marrakechmaadine.com\/en\/wp-json\/wp\/v2\/product_cat?post=10729"},{"taxonomy":"product_tag","embeddable":true,"href":"https:\/\/marrakechmaadine.com\/en\/wp-json\/wp\/v2\/product_tag?post=10729"}],"curies":[{"name":"wp","href":"https:\/\/api.w.org\/{rel}","templated":true}]}}