{"id":11159,"date":"2025-08-31T18:37:44","date_gmt":"2025-08-31T18:37:44","guid":{"rendered":"https:\/\/marrakechmaadine.com\/?post_type=product&#038;p=11159"},"modified":"2025-12-12T16:15:55","modified_gmt":"2025-12-12T16:15:55","slug":"meuble-de-rangement","status":"publish","type":"product","link":"https:\/\/marrakechmaadine.com\/ar\/produit\/meuble-de-rangement\/","title":{"rendered":"Meuble de rangement"},"content":{"rendered":"<p>Une touche de luxe marocain chez vous<br \/>Commode traditionnelle \u00e9l\u00e9gante, d\u00e9cor\u00e9e \u00e0 la main avec des motifs g\u00e9om\u00e9triques noir et blanc. Une pi\u00e8ce unique qui allie authenticit\u00e9 et \u00e9l\u00e9gance.<\/p>\n<p>100cm \u0637\u0648\u0644<br \/>90cm \u0639\u0644\u0648<br \/>44cm \u0639\u0631\u0636<\/p>\n","protected":false},"excerpt":{"rendered":"<p><\/p>\n","protected":false},"featured_media":11160,"comment_status":"open","ping_status":"closed","template":"","meta":[],"product_brand":[],"product_cat":[344,364],"product_tag":[],"class_list":{"0":"post-11159","1":"product","2":"type-product","3":"status-publish","4":"has-post-thumbnail","6":"product_cat-bois","7":"product_cat-metal","9":"first","10":"instock","11":"shipping-taxable","12":"purchasable","13":"product-type-simple"},"_links":{"self":[{"href":"https:\/\/marrakechmaadine.com\/ar\/wp-json\/wp\/v2\/product\/11159","targetHints":{"allow":["GET"]}}],"collection":[{"href":"https:\/\/marrakechmaadine.com\/ar\/wp-json\/wp\/v2\/product"}],"about":[{"href":"https:\/\/marrakechmaadine.com\/ar\/wp-json\/wp\/v2\/types\/product"}],"replies":[{"embeddable":true,"href":"https:\/\/marrakechmaadine.com\/ar\/wp-json\/wp\/v2\/comments?post=11159"}],"wp:featuredmedia":[{"embeddable":true,"href":"https:\/\/marrakechmaadine.com\/ar\/wp-json\/wp\/v2\/media\/11160"}],"wp:attachment":[{"href":"https:\/\/marrakechmaadine.com\/ar\/wp-json\/wp\/v2\/media?parent=11159"}],"wp:term":[{"taxonomy":"product_brand","embeddable":true,"href":"https:\/\/marrakechmaadine.com\/ar\/wp-json\/wp\/v2\/product_brand?post=11159"},{"taxonomy":"product_cat","embeddable":true,"href":"https:\/\/marrakechmaadine.com\/ar\/wp-json\/wp\/v2\/product_cat?post=11159"},{"taxonomy":"product_tag","embeddable":true,"href":"https:\/\/marrakechmaadine.com\/ar\/wp-json\/wp\/v2\/product_tag?post=11159"}],"curies":[{"name":"wp","href":"https:\/\/api.w.org\/{rel}","templated":true}]}}