{"id":11127,"date":"2025-08-31T17:07:17","date_gmt":"2025-08-31T17:07:17","guid":{"rendered":"https:\/\/marrakechmaadine.com\/?post_type=product&#038;p=11127"},"modified":"2025-12-12T16:16:17","modified_gmt":"2025-12-12T16:16:17","slug":"salon-marocain-traditionnel-de-luxe-2","status":"publish","type":"product","link":"https:\/\/marrakechmaadine.com\/ar\/produit\/salon-marocain-traditionnel-de-luxe-2\/","title":{"rendered":"Salon Marocain Traditionnel de Luxe"},"content":{"rendered":"<p>R\u00e9alis\u00e9 selon l&#8217;artisanat marocain authentique<br \/>Sculpture artisanale sur bois et m\u00e9tal<br \/>Incrustations en cuivre et en os mai<br \/>Enti\u00e8rement meubl\u00e9 et pr\u00eat \u00e0 l&#8217;usage<\/p>\n","protected":false},"excerpt":{"rendered":"<p><\/p>\n","protected":false},"featured_media":11128,"comment_status":"open","ping_status":"closed","template":"","meta":[],"product_brand":[],"product_cat":[343],"product_tag":[],"class_list":{"0":"post-11127","1":"product","2":"type-product","3":"status-publish","4":"has-post-thumbnail","6":"product_cat-cuir","8":"first","9":"instock","10":"shipping-taxable","11":"purchasable","12":"product-type-simple"},"_links":{"self":[{"href":"https:\/\/marrakechmaadine.com\/ar\/wp-json\/wp\/v2\/product\/11127","targetHints":{"allow":["GET"]}}],"collection":[{"href":"https:\/\/marrakechmaadine.com\/ar\/wp-json\/wp\/v2\/product"}],"about":[{"href":"https:\/\/marrakechmaadine.com\/ar\/wp-json\/wp\/v2\/types\/product"}],"replies":[{"embeddable":true,"href":"https:\/\/marrakechmaadine.com\/ar\/wp-json\/wp\/v2\/comments?post=11127"}],"wp:featuredmedia":[{"embeddable":true,"href":"https:\/\/marrakechmaadine.com\/ar\/wp-json\/wp\/v2\/media\/11128"}],"wp:attachment":[{"href":"https:\/\/marrakechmaadine.com\/ar\/wp-json\/wp\/v2\/media?parent=11127"}],"wp:term":[{"taxonomy":"product_brand","embeddable":true,"href":"https:\/\/marrakechmaadine.com\/ar\/wp-json\/wp\/v2\/product_brand?post=11127"},{"taxonomy":"product_cat","embeddable":true,"href":"https:\/\/marrakechmaadine.com\/ar\/wp-json\/wp\/v2\/product_cat?post=11127"},{"taxonomy":"product_tag","embeddable":true,"href":"https:\/\/marrakechmaadine.com\/ar\/wp-json\/wp\/v2\/product_tag?post=11127"}],"curies":[{"name":"wp","href":"https:\/\/api.w.org\/{rel}","templated":true}]}}