{"id":10719,"date":"2022-10-30T13:50:09","date_gmt":"2022-10-30T13:50:09","guid":{"rendered":"https:\/\/marrakechmaadine.com\/produit\/tajine-zouaq\/"},"modified":"2025-12-12T16:16:35","modified_gmt":"2025-12-12T16:16:35","slug":"tajine-zouaq","status":"publish","type":"product","link":"https:\/\/marrakechmaadine.com\/ar\/produit\/tajine-zouaq\/","title":{"rendered":"Tajine Zouaq"},"content":{"rendered":"<p><span style=\"font-family: Roboto;font-size: 14px\" data-mce-style=\"font-family: Roboto; font-size: 14px;\">Passion et amour pour la bonne nourriture!<\/span><br style=\"font-family: Roboto;font-size: 14px\" data-mce-style=\"font-family: Roboto; font-size: 14px;\"><span style=\"font-family: Roboto;font-size: 14px\" data-mce-style=\"font-family: Roboto; font-size: 14px;\">Partagez notre amour et notre passion pour des plats d\u00e9licieux.<\/span><br style=\"font-family: Roboto;font-size: 14px\" data-mce-style=\"font-family: Roboto; font-size: 14px;\"><span style=\"font-family: Roboto;font-size: 14px\" data-mce-style=\"font-family: Roboto; font-size: 14px;\">Avec nos tajines, nous le rendons accessible pour que tout le monde partage sa passion pour des aliments d\u00e9licieux et purs.<\/span><br style=\"font-family: Roboto;font-size: 14px\" data-mce-style=\"font-family: Roboto; font-size: 14px;\"><span style=\"font-family: Roboto;font-size: 14px\" data-mce-style=\"font-family: Roboto; font-size: 14px;\">En raison de la forme unique du tajine, vous serez toujours \u00e9tonn\u00e9 de l&#8217;exp\u00e9rience gustative du Tajine qui vous sert.<\/span><br style=\"font-family: Roboto;font-size: 14px\" data-mce-style=\"font-family: Roboto; font-size: 14px;\"><span style=\"font-family: Roboto;font-size: 14px\" data-mce-style=\"font-family: Roboto; font-size: 14px;\">Nous attachons une grande importance \u00e0 l&#8217;origine, \u00e0 la durabilit\u00e9 et \u00e0 la qualit\u00e9 de nos produits. Nous travaillons ensemble depuis de nombreuses ann\u00e9es avec une famille marocaine qui a des tajines depuis des d\u00e9cennies. Ces tajines sont cuites jusqu&#8217;\u00e0 deux fois dans un four parfaitement r\u00e9gl\u00e9.<\/span><br style=\"font-family: Roboto;font-size: 14px\" data-mce-style=\"font-family: Roboto; font-size: 14px;\"><span style=\"font-family: Roboto;font-size: 14px\" data-mce-style=\"font-family: Roboto; font-size: 14px;\">Nous v\u00e9rifions chaque produit avant qu&#8217;il ne soit pr\u00eat \u00e0 \u00eatre exp\u00e9di\u00e9 dans le monde entier. Cela garantit un tajine de qualit\u00e9 sup\u00e9rieure.<\/span><br style=\"font-family: Roboto;font-size: 14px\" data-mce-style=\"font-family: Roboto; font-size: 14px;\"><span style=\"font-family: Roboto;font-size: 14px\" data-mce-style=\"font-family: Roboto; font-size: 14px;\">Faites rien de trop court pour vous et vos invit\u00e9s, pourquoi le ferez-vous? Laissez-vous \u00e9tonner par les d\u00e9licieuses saveurs authentiques que vous pouvez pr\u00e9parer avec un tajine.<\/span><br style=\"font-family: Roboto;font-size: 14px\" data-mce-style=\"font-family: Roboto; font-size: 14px;\"><span style=\"font-family: Roboto;font-size: 14px\" data-mce-style=\"font-family: Roboto; font-size: 14px;\">Nous offrons diff\u00e9rents tajine sizez : 20&#215;20 &#8211; 25&#215;25 &#8211; 30&#215;30 &#8211; 35&#215;35 cm<\/span><br style=\"font-family: Roboto;font-size: 14px\" data-mce-style=\"font-family: Roboto; font-size: 14px;\"><span style=\"font-family: Roboto;font-size: 14px\" data-mce-style=\"font-family: Roboto; font-size: 14px;\">Nous utilisons plus de mati\u00e8res premi\u00e8res, vous \u00eates donc assur\u00e9 d&#8217;un fond extra \u00e9pais et d&#8217;un couvercle extra \u00e9pais, pour des ann\u00e9es de plaisir.<\/span><\/p>\n","protected":false},"excerpt":{"rendered":"<p><\/p>\n","protected":false},"featured_media":10704,"comment_status":"open","ping_status":"closed","template":"","meta":[],"product_brand":[],"product_cat":[364,347],"product_tag":[],"class_list":{"0":"post-10719","1":"product","2":"type-product","3":"status-publish","4":"has-post-thumbnail","6":"product_cat-metal","7":"product_cat-poterie","9":"first","10":"instock","11":"sale","12":"shipping-taxable","13":"purchasable","14":"product-type-simple"},"_links":{"self":[{"href":"https:\/\/marrakechmaadine.com\/ar\/wp-json\/wp\/v2\/product\/10719","targetHints":{"allow":["GET"]}}],"collection":[{"href":"https:\/\/marrakechmaadine.com\/ar\/wp-json\/wp\/v2\/product"}],"about":[{"href":"https:\/\/marrakechmaadine.com\/ar\/wp-json\/wp\/v2\/types\/product"}],"replies":[{"embeddable":true,"href":"https:\/\/marrakechmaadine.com\/ar\/wp-json\/wp\/v2\/comments?post=10719"}],"wp:featuredmedia":[{"embeddable":true,"href":"https:\/\/marrakechmaadine.com\/ar\/wp-json\/wp\/v2\/media\/10704"}],"wp:attachment":[{"href":"https:\/\/marrakechmaadine.com\/ar\/wp-json\/wp\/v2\/media?parent=10719"}],"wp:term":[{"taxonomy":"product_brand","embeddable":true,"href":"https:\/\/marrakechmaadine.com\/ar\/wp-json\/wp\/v2\/product_brand?post=10719"},{"taxonomy":"product_cat","embeddable":true,"href":"https:\/\/marrakechmaadine.com\/ar\/wp-json\/wp\/v2\/product_cat?post=10719"},{"taxonomy":"product_tag","embeddable":true,"href":"https:\/\/marrakechmaadine.com\/ar\/wp-json\/wp\/v2\/product_tag?post=10719"}],"curies":[{"name":"wp","href":"https:\/\/api.w.org\/{rel}","templated":true}]}}